{"id":25270,"date":"2022-09-13T13:56:00","date_gmt":"2022-09-13T13:56:00","guid":{"rendered":"https:\/\/kimikon.ge\/?post_type=product&#038;p=25270"},"modified":"2023-12-15T12:50:05","modified_gmt":"2023-12-15T12:50:05","slug":"speedlink-celsor-gaming-headset-2","status":"publish","type":"product","link":"https:\/\/kimikon.ge\/en\/product\/speedlink-celsor-gaming-headset-2\/","title":{"rendered":"Speedlink &#8211; Celsor Gaming Headset for PS5, XBOX SERIES X\/S and many other consoles"},"content":{"rendered":"<p><strong>This headset from Speedlink has a wealth of features and solutions to match exactly your needs. Speedlink Celsor Gaming Headset &#8211; Stereo Headset Compatible with PC\/PS5\/PS4\/Xbox Series X\/S\/Switch, Black<\/strong><\/p>\n<p>The CELSOR with its versatile features can almost be described as a multidimensional headset: The microphone arm can be folded in and out as well as bent in all directions to set the perfect position. The headband is flexible and automatically adapts to the head shape. And the earbuds are easily rotatable &#8211; all in all a headset full of movement. And that&#8217;s not just what construction is all about. Thanks to direct connection to the controller, you always have sufficient freedom of movement while playing, while allowing the crystal clear stereo sound to dive into the world of your games.<\/p>\n<p>Technical data<br \/>\nEAN: 4027301157369<br \/>\nArticle number: SL-450311-BK<br \/>\nStereo headset for PlayStation\u00ae 4<br \/>\nDirect connection to the DUALSHOCK\u00ae-4 controller (also compatible with Xbox-One\u00ae controller)<br \/>\nSatter Stereo Sound<br \/>\nFlexible headband<br \/>\nParticularly soft, ear-locking ear pads<br \/>\nMultifunctional microphone arm can be bent and folded<br \/>\nConvenient cable remote control for volume control and microphone mute<br \/>\nSheathed cable<br \/>\nSpecifications Headphones: Power units: 50mm, Frequency: 20Hz &#8211; 10kHz, Impedance: 16\u03a9, Sound pressure level: 105dB \u00b1 3dB, Power: 10mW<br \/>\nMicrophone specifications: Frequency response: 100Hz &#8211; 10kHz, Impedance: 2.2k\u03a9, Sensitivity: -55dB \u00b1 3dB, Directional characteristics: omnidirectional<br \/>\nConnection: 3.5 mm latch plug<br \/>\nCable length: 1.2m<br \/>\nDimensions: 198 \u00d7 210 \u00d7 100mm (W \u00d7 H \u00d7 T)<br \/>\nWeight: 300g (incl. Cable)<\/p>\n","protected":false},"excerpt":{"rendered":"<p>This headset from Speedlink has a wealth of features and solutions to match exactly your needs. Speedlink Celsor Gaming Headset &#8211; Stereo Headset Compatible with PC\/PS5\/PS4\/Xbox Series X\/S\/Switch, Black The CELSOR with its versatile features can almost be described as a multidimensional headset: The microphone arm can be folded in and out as well as [&hellip;]<\/p>\n","protected":false},"featured_media":26275,"comment_status":"open","ping_status":"closed","template":"","meta":[],"product_cat":[3264,2526],"product_tag":[],"acf":[],"_links":{"self":[{"href":"https:\/\/kimikon.ge\/en\/wp-json\/wp\/v2\/product\/25270"}],"collection":[{"href":"https:\/\/kimikon.ge\/en\/wp-json\/wp\/v2\/product"}],"about":[{"href":"https:\/\/kimikon.ge\/en\/wp-json\/wp\/v2\/types\/product"}],"replies":[{"embeddable":true,"href":"https:\/\/kimikon.ge\/en\/wp-json\/wp\/v2\/comments?post=25270"}],"wp:featuredmedia":[{"embeddable":true,"href":"https:\/\/kimikon.ge\/en\/wp-json\/wp\/v2\/media\/26275"}],"wp:attachment":[{"href":"https:\/\/kimikon.ge\/en\/wp-json\/wp\/v2\/media?parent=25270"}],"wp:term":[{"taxonomy":"product_cat","embeddable":true,"href":"https:\/\/kimikon.ge\/en\/wp-json\/wp\/v2\/product_cat?post=25270"},{"taxonomy":"product_tag","embeddable":true,"href":"https:\/\/kimikon.ge\/en\/wp-json\/wp\/v2\/product_tag?post=25270"}],"curies":[{"name":"wp","href":"https:\/\/api.w.org\/{rel}","templated":true}]}}