{"id":25248,"date":"2022-09-13T14:05:37","date_gmt":"2022-09-13T14:05:37","guid":{"rendered":"https:\/\/kimikon.ge\/?post_type=product&#038;p=25248"},"modified":"2023-12-15T12:49:48","modified_gmt":"2023-12-15T12:49:48","slug":"speedlink-hadow-gaming-headset","status":"publish","type":"product","link":"https:\/\/kimikon.ge\/en\/product\/speedlink-hadow-gaming-headset\/","title":{"rendered":"Speedlink &#8211; Hadow Gaming Headset"},"content":{"rendered":"<p><strong>Get sublime stereo sound for your action-packed gaming sessions!<\/strong><\/p>\n<p>With this HADOW gaming headset, your game will be accompanied by impressive and balanced sound. The headset is both practical with its flexible microphone for voice chat, but also comfortable for your long gaming sessions. The over-ear cushions are made in a compact and soft design, so you almost do not notice that you are wearing them.<\/p>\n<p><strong>Features:<\/strong><\/p>\n<ul>\n<li>Stereo gaming headset for PC from Speedlink<\/li>\n<\/ul>\n<ul>\n<li>Rich stereo sound<\/li>\n<li>Adjustable headband<\/li>\n<li>Soft ear pads<\/li>\n<li>Flexible microphone<\/li>\n<li>Handy built-in remote control for volume adjustment and microphone attenuation<\/li>\n<\/ul>\n<p><strong>Specifications:<\/strong><\/p>\n<ul>\n<li>Drivers: 40 mm, frequency response: 20Hz &#8211; 20kHz, impedance: 32\u03a9, SPL: 100dB \u00b1 3dB, output power: 20mW<\/li>\n<li>Frequency response: 100Hz &#8211; 10kHz, impedance: 2.2k\u03a9, sensitivity: -45dB \u00b1 3dB, pick-up pattern: omnidirectional<\/li>\n<li>Connection: 2 \u00d7 3.5 mm jack<\/li>\n<li>Cable length: 2.3m<\/li>\n<li>Dimensions: 205 \u00d7 183 \u00d7 90 mm (W \u00d7 H \u00d7 D)<\/li>\n<li>Weight: 280 g (incl. Cable)<\/li>\n<\/ul>\n<p>SKU: 1161024<\/p>\n<p>EAN: 4027301453737<\/p>\n","protected":false},"excerpt":{"rendered":"<p>Get sublime stereo sound for your action-packed gaming sessions! With this HADOW gaming headset, your game will be accompanied by impressive and balanced sound. The headset is both practical with its flexible microphone for voice chat, but also comfortable for your long gaming sessions. The over-ear cushions are made in a compact and soft design, [&hellip;]<\/p>\n","protected":false},"featured_media":26262,"comment_status":"open","ping_status":"closed","template":"","meta":[],"product_cat":[2526],"product_tag":[],"acf":[],"_links":{"self":[{"href":"https:\/\/kimikon.ge\/en\/wp-json\/wp\/v2\/product\/25248"}],"collection":[{"href":"https:\/\/kimikon.ge\/en\/wp-json\/wp\/v2\/product"}],"about":[{"href":"https:\/\/kimikon.ge\/en\/wp-json\/wp\/v2\/types\/product"}],"replies":[{"embeddable":true,"href":"https:\/\/kimikon.ge\/en\/wp-json\/wp\/v2\/comments?post=25248"}],"wp:featuredmedia":[{"embeddable":true,"href":"https:\/\/kimikon.ge\/en\/wp-json\/wp\/v2\/media\/26262"}],"wp:attachment":[{"href":"https:\/\/kimikon.ge\/en\/wp-json\/wp\/v2\/media?parent=25248"}],"wp:term":[{"taxonomy":"product_cat","embeddable":true,"href":"https:\/\/kimikon.ge\/en\/wp-json\/wp\/v2\/product_cat?post=25248"},{"taxonomy":"product_tag","embeddable":true,"href":"https:\/\/kimikon.ge\/en\/wp-json\/wp\/v2\/product_tag?post=25248"}],"curies":[{"name":"wp","href":"https:\/\/api.w.org\/{rel}","templated":true}]}}