{"id":25244,"date":"2022-09-13T14:11:38","date_gmt":"2022-09-13T14:11:38","guid":{"rendered":"https:\/\/kimikon.ge\/?post_type=product&#038;p=25244"},"modified":"2023-12-15T12:49:23","modified_gmt":"2023-12-15T12:49:23","slug":"speedlink-ouyre-rgb-71-gaming-headset","status":"publish","type":"product","link":"https:\/\/kimikon.ge\/en\/product\/speedlink-ouyre-rgb-71-gaming-headset\/","title":{"rendered":"Speedlink &#8211; Ouyre RGB 7,1 Gaming Headset"},"content":{"rendered":"<p><strong>Locate your enemies before they find you with this impressive Speedlink headset.<\/strong><\/p>\n<p>QUYRE RGB 7.1 gaming headset is a feature-rich and unique headset that, with its 7.1 surround sound and colorful earbuds with RGB lighting, is the ultimate show off gaming headset! It does not get easier to immerse yourself in the game with the soft ear cups, and the sublime and enveloping sound.<\/p>\n<p><strong>Specifications:<\/strong><\/p>\n<ul>\n<li>7.1 surround sound pc gaming headset<\/li>\n<li>RGB lighting with 16.7 million colors<\/li>\n<li>Full-range 7.1 surround sound<\/li>\n<li>Sound is customized via software<\/li>\n<li>Flexible headband<\/li>\n<li>Flexible microphone arm<\/li>\n<li>Illuminated microphone tip<\/li>\n<li>Large ear pads with ultra-soft ear pads<\/li>\n<li>Intense vibration effects<\/li>\n<li>Left earplug control of volume level, microphone attenuation and vibration effects<\/li>\n<li>Braided cable<\/li>\n<li>Headphone specifications: drivers: 50 mm, frequency response: 20Hz &#8211; 20kHz, impedance: 32\u03a9, SPL: 108dB \u00b1 3dB, output power: 100mW<\/li>\n<li>Microphone specifications: frequency response: 50Hz &#8211; 10kHz, impedance: 2.2k\u03a9, sensitivity: -48dB \u00b1 3dB, pick-up pattern: omnidirectional<\/li>\n<li>Connection: USB-A<\/li>\n<li>Cable length: 2.2 m<\/li>\n<li>Dimensions: 190 \u00d7 230 \u00d7 105 mm (W \u00d7 H \u00d7 D)<\/li>\n<li>Weight: 385 g (incl. Cable)<\/li>\n<\/ul>\n<p>SKU: 1161493<\/p>\n<p>EAN: 4027301273922<\/p>\n","protected":false},"excerpt":{"rendered":"<p>Locate your enemies before they find you with this impressive Speedlink headset. QUYRE RGB 7.1 gaming headset is a feature-rich and unique headset that, with its 7.1 surround sound and colorful earbuds with RGB lighting, is the ultimate show off gaming headset! It does not get easier to immerse yourself in the game with the [&hellip;]<\/p>\n","protected":false},"featured_media":26247,"comment_status":"open","ping_status":"closed","template":"","meta":[],"product_cat":[2526],"product_tag":[],"acf":[],"_links":{"self":[{"href":"https:\/\/kimikon.ge\/en\/wp-json\/wp\/v2\/product\/25244"}],"collection":[{"href":"https:\/\/kimikon.ge\/en\/wp-json\/wp\/v2\/product"}],"about":[{"href":"https:\/\/kimikon.ge\/en\/wp-json\/wp\/v2\/types\/product"}],"replies":[{"embeddable":true,"href":"https:\/\/kimikon.ge\/en\/wp-json\/wp\/v2\/comments?post=25244"}],"wp:featuredmedia":[{"embeddable":true,"href":"https:\/\/kimikon.ge\/en\/wp-json\/wp\/v2\/media\/26247"}],"wp:attachment":[{"href":"https:\/\/kimikon.ge\/en\/wp-json\/wp\/v2\/media?parent=25244"}],"wp:term":[{"taxonomy":"product_cat","embeddable":true,"href":"https:\/\/kimikon.ge\/en\/wp-json\/wp\/v2\/product_cat?post=25244"},{"taxonomy":"product_tag","embeddable":true,"href":"https:\/\/kimikon.ge\/en\/wp-json\/wp\/v2\/product_tag?post=25244"}],"curies":[{"name":"wp","href":"https:\/\/api.w.org\/{rel}","templated":true}]}}