{"id":25223,"date":"2022-09-13T14:03:50","date_gmt":"2022-09-13T14:03:50","guid":{"rendered":"https:\/\/kimikon.ge\/?post_type=product&#038;p=25223"},"modified":"2024-09-04T19:36:26","modified_gmt":"2024-09-04T19:36:26","slug":"speedlink-draze-gaming-headset-for-pc-ps5-ps4-xbox-seriesx-s-switch-black","status":"publish","type":"product","link":"https:\/\/kimikon.ge\/en\/product\/speedlink-draze-gaming-headset-for-pc-ps5-ps4-xbox-seriesx-s-switch-black\/","title":{"rendered":"Speedlink &#8211; DRAZE Gaming Headset &#8211; for PC\/PS5\/PS4\/Xbox SeriesX\/S\/Switch, black"},"content":{"rendered":"<p>Its features are equally as versatile to see you through your gaming sessions in comfort, with over-ear cups boasting ultra-soft padding, a flexible headband for the perfect fit and an ingenious microphone boom that flips-up and sits flush in the earcup, making the headset look like a standard set of headphones in a flash \u2013 and once it\u2019s flipped up, the mic is muted automatically. You can also control that feature using the handy inline remote built right into the cable, which itself connects easily to your controller via the jack for totally unrestricted movement. Technical data EAN: 4027301357677 Product Number: SL-450312-BK PlayStation\u00ae 4 stereo headset Connects directly to the DUALSHOCK\u00ae 4 controller (also compatible with the Xbox One\u00ae controller, Nintendo Switch\u00ae and Nintendo Switch\u00ae Lite console) Rich stereo sound Flexible headband Ultra-soft earcup and headband padding Foldable microphone arm with auto-mute function Handy inline remote for volume adjustment and manual microphone muting Braided cable Headphone specs: drivers: 50mm, frequency response: 20Hz &#8211; 10kHz, impedance: 16\u03a9, SPL: 100dB \u00b1 3dB, output power: 10mW Microphone specs: frequency response: 100Hz &#8211; 10kHz, impedance: 2.2k\u03a9, sensitivity: -55dB \u00b1 3dB, pick-up pattern: omnidirectional Connection: 3.5mm jack plug Cable length: 1.2m Dimensions: 201 \u00d7 212 \u00d7 91mm (W \u00d7 H \u00d7 D) Weight: 295g (incl. cable)<\/p>\n","protected":false},"excerpt":{"rendered":"<p>Its features are equally as versatile to see you through your gaming sessions in comfort, with over-ear cups boasting ultra-soft padding, a flexible headband for the perfect fit and an ingenious microphone boom that flips-up and sits flush in the earcup, making the headset look like a standard set of headphones in a flash \u2013 [&hellip;]<\/p>\n","protected":false},"featured_media":26225,"comment_status":"open","ping_status":"closed","template":"","meta":[],"product_cat":[3262,3264,2526],"product_tag":[],"acf":[],"_links":{"self":[{"href":"https:\/\/kimikon.ge\/en\/wp-json\/wp\/v2\/product\/25223"}],"collection":[{"href":"https:\/\/kimikon.ge\/en\/wp-json\/wp\/v2\/product"}],"about":[{"href":"https:\/\/kimikon.ge\/en\/wp-json\/wp\/v2\/types\/product"}],"replies":[{"embeddable":true,"href":"https:\/\/kimikon.ge\/en\/wp-json\/wp\/v2\/comments?post=25223"}],"wp:featuredmedia":[{"embeddable":true,"href":"https:\/\/kimikon.ge\/en\/wp-json\/wp\/v2\/media\/26225"}],"wp:attachment":[{"href":"https:\/\/kimikon.ge\/en\/wp-json\/wp\/v2\/media?parent=25223"}],"wp:term":[{"taxonomy":"product_cat","embeddable":true,"href":"https:\/\/kimikon.ge\/en\/wp-json\/wp\/v2\/product_cat?post=25223"},{"taxonomy":"product_tag","embeddable":true,"href":"https:\/\/kimikon.ge\/en\/wp-json\/wp\/v2\/product_tag?post=25223"}],"curies":[{"name":"wp","href":"https:\/\/api.w.org\/{rel}","templated":true}]}}