{"id":24470,"date":"2022-09-13T13:53:44","date_gmt":"2022-09-13T13:53:44","guid":{"rendered":"https:\/\/kimikon.ge\/?post_type=product&#038;p=24470"},"modified":"2023-12-15T13:58:24","modified_gmt":"2023-12-15T13:58:24","slug":"speedlink-audis-pro-streaming-microphone","status":"publish","type":"product","link":"https:\/\/kimikon.ge\/en\/product\/speedlink-audis-pro-streaming-microphone\/","title":{"rendered":"Speedlink &#8211; Audis Pro Streaming Microphone"},"content":{"rendered":"<p>Successful podcasts and streams stand out through one thing: excellent audio quality. With the AUDIS PRO Desktop Streaming Microphone, you can make sure that your content is always recorded professionally and crystal-clear. The compact condenser microphone with cardioid directionality effectively blocks disruptive background noise while recording what happens in front of the microphone. At the same time, unwanted sounds such as breathing and plosives (P, K, B etc.) are effectively blocked by a foam windscreen and metallic pop filter. Thanks to the shock-absorbent holder and stable tripod, even lively discussions and environments are no problem. At the same time, the practical volume controller on the front of the microphone makes adjusting the sensitivity of your recordings simple and possible at any time. If you want to bring your production to the next level, the AUDIS PRO Desktop Streaming Microphone is exactly what you need.<\/p>\n<p><strong>Features<\/strong>:<br \/>\nStreaming microphone<br \/>\nTripod with shock mount<br \/>\nWindscreen<br \/>\nPop filter<br \/>\nPlug &amp; play<br \/>\nMicrophone type: 14mm electret condenser<br \/>\nFrequency: 20Hz-20kHz<br \/>\nEquivalent noise level: 16dBA max.<br \/>\nSampling rate: 176kHz\/24bit<br \/>\nDirectional characteristic: cardioid<br \/>\nImpedance: 1.2k\u03a9<br \/>\nSensitivity: -13.5dBFS (\u00b13dB, 94dB SPL at 1kHz)<br \/>\nSignal-to-noise ratio: 60dB<br \/>\nSound pressure level: max. 110dB<br \/>\nConnection: USB-A<br \/>\nCable length: 1.5m<br \/>\nDimensions including tripod: 173 \u00d7 170 \u00d7 290mm (W \u00d7 H \u00d7 D)<br \/>\nDimensions of microphone: 47 \u00d7 52 \u00d7 141mm (W \u00d7 H \u00d7 D)<br \/>\nWeight: 335g<\/p>\n","protected":false},"excerpt":{"rendered":"<p>Successful podcasts and streams stand out through one thing: excellent audio quality. With the AUDIS PRO Desktop Streaming Microphone, you can make sure that your content is always recorded professionally and crystal-clear. The compact condenser microphone with cardioid directionality effectively blocks disruptive background noise while recording what happens in front of the microphone. At the [&hellip;]<\/p>\n","protected":false},"featured_media":25547,"comment_status":"open","ping_status":"closed","template":"","meta":[],"product_cat":[2523],"product_tag":[],"acf":[],"_links":{"self":[{"href":"https:\/\/kimikon.ge\/en\/wp-json\/wp\/v2\/product\/24470"}],"collection":[{"href":"https:\/\/kimikon.ge\/en\/wp-json\/wp\/v2\/product"}],"about":[{"href":"https:\/\/kimikon.ge\/en\/wp-json\/wp\/v2\/types\/product"}],"replies":[{"embeddable":true,"href":"https:\/\/kimikon.ge\/en\/wp-json\/wp\/v2\/comments?post=24470"}],"wp:featuredmedia":[{"embeddable":true,"href":"https:\/\/kimikon.ge\/en\/wp-json\/wp\/v2\/media\/25547"}],"wp:attachment":[{"href":"https:\/\/kimikon.ge\/en\/wp-json\/wp\/v2\/media?parent=24470"}],"wp:term":[{"taxonomy":"product_cat","embeddable":true,"href":"https:\/\/kimikon.ge\/en\/wp-json\/wp\/v2\/product_cat?post=24470"},{"taxonomy":"product_tag","embeddable":true,"href":"https:\/\/kimikon.ge\/en\/wp-json\/wp\/v2\/product_tag?post=24470"}],"curies":[{"name":"wp","href":"https:\/\/api.w.org\/{rel}","templated":true}]}}